{"id":3859,"date":"2025-01-07T14:09:11","date_gmt":"2025-01-07T20:09:11","guid":{"rendered":"https:\/\/aguilarloera.com\/en\/?page_id=3859"},"modified":"2025-02-07T13:53:00","modified_gmt":"2025-02-07T19:53:00","slug":"alonso-nahum-jimenez","status":"publish","type":"page","link":"https:\/\/aguilarloera.com\/en\/alonso-nahum-jimenez\/","title":{"rendered":"Alonso Nah\u00fam Jim\u00e9nez Hern\u00e1ndez"},"content":{"rendered":"<p>[vc_row][vc_column][vc_row_inner][vc_column_inner width=&#8221;1\/2&#8243;][vc_single_image image=&#8221;3855&#8243; img_size=&#8221;327&#215;490&#8243; alignment=&#8221;center&#8221;][\/vc_column_inner][vc_column_inner width=&#8221;1\/2&#8243;][vc_empty_space height=&#8221;42px&#8221;][vc_empty_space height=&#8221;42px&#8221;][vc_empty_space height=&#8221;42px&#8221;][vc_column_text]<\/p>\n<p style=\"text-align: center;\"><strong style=\"font-size: 40px;\">Alonso Nah\u00fam Jim\u00e9nez Hern\u00e1ndez<\/strong><\/p>\n<p style=\"text-align: center;\"><strong style=\"font-size: 25px;\">Associate<\/strong><\/p>\n<p>[\/vc_column_text][vc_separator color=&#8221;black&#8221;][vc_column_text]<\/p>\n<p style=\"text-align: center;\"><a href=\"mailto:ajimenez@aguilarloera.com\">ajimenez@aguilarloera.com<\/a><\/p>\n<p>[\/vc_column_text][\/vc_column_inner][\/vc_row_inner][vc_column_text]<\/p>\n<h3><strong>EDUCATION<\/strong><\/h3>\n<p>[\/vc_column_text][vc_column_text]Universidad Tecnol\u00f3gica de M\u00e9xico (Bachelor of Law, 2007).<\/p>\n<p>Universidad Nacional Aut\u00f3noma de M\u00e9xico (Specialist in public international law, 2013).[\/vc_column_text][vc_separator color=&#8221;custom&#8221; border_width=&#8221;2&#8243; accent_color=&#8221;#707070&#8243;][vc_column_text]<\/p>\n<h3><strong>PROFESSIONAL EXPERIENCE<\/strong><\/h3>\n<p>[\/vc_column_text][vc_column_text]Aguilar &amp; Loera, S.C. (Associate , January 2025 &#8211; to date).<\/p>\n<p>Independent Counsel (2023 &#8211; 2024).<\/p>\n<p>Ministry of Economy (Legal Coordinator, 2022 &#8211; 2023).<\/p>\n<p>Ministry of Economy (Deputy General Legal Director, 2020 &#8211; 2022).<\/p>\n<p>Ministry of Economy (Director of Administrative Procedures, 2019 &#8211; 2020).<\/p>\n<p>Ministry of Economy (Director of Tax Lawsuits, 2012 &#8211; 2019).<\/p>\n<p>Ministry of Economy (Deputy Director of Procedures and Projects, 2009 &#8211; 2012).<\/p>\n<p>Ministry of Economy (Head of Department of Procedures and Consultations, 2007 &#8211; 2009).<\/p>\n<p>Notary Public Office 196 of M\u00e9xico City (Intern, 2006).[\/vc_column_text][vc_separator color=&#8221;custom&#8221; border_width=&#8221;2&#8243; accent_color=&#8221;#707070&#8243;][vc_column_text]<\/p>\n<h3>MAIN AREAS OF PROFESSIONAL EXPERIENCE<\/h3>\n<p>[\/vc_column_text][vc_column_text]International Trade, Dumping and Subsidies Investigations, Safeguards, Regulatory, Labor.[\/vc_column_text][vc_separator color=&#8221;custom&#8221; border_width=&#8221;2&#8243; accent_color=&#8221;#707070&#8243;][vc_column_text]<\/p>\n<h3><strong>LANGUAGES<\/strong><\/h3>\n<p>[\/vc_column_text][vc_column_text]Spanish, English.[\/vc_column_text][vc_separator color=&#8221;custom&#8221; border_width=&#8221;2&#8243; accent_color=&#8221;#707070&#8243;][vc_empty_space][\/vc_column][\/vc_row][vc_row full_width=&#8221;stretch_row_content_no_spaces&#8221; equal_height=&#8221;yes&#8221; css=&#8221;.vc_custom_1601495218992{margin-bottom: 0px !important;padding-bottom: 0px !important;}&#8221;][vc_column css=&#8221;.vc_custom_1622080672814{padding-top: 50px !important;padding-right: 50px !important;padding-bottom: 50px !important;padding-left: 50px !important;background-image: url(https:\/\/aguilarloera.com\/en\/wp-content\/uploads\/2021\/05\/Aguilar-loera-abogados-nuestro-equipo-1-1.jpg?id=3299) !important;background-position: center !important;background-repeat: no-repeat !important;background-size: cover !important;}&#8221;][vc_empty_space height=&#8221;400px&#8221;][\/vc_column][\/vc_row]<\/p>\n","protected":false},"excerpt":{"rendered":"<p>[vc_row][vc_column][vc_row_inner][vc_column_inner width=&#8221;1\/2&#8243;][vc_single_image image=&#8221;3855&#8243; img_size=&#8221;327&#215;490&#8243; alignment=&#8221;center&#8221;][\/vc_column_inner][vc_column_inner width=&#8221;1\/2&#8243;][vc_empty_space height=&#8221;42px&#8221;][vc_empty_space height=&#8221;42px&#8221;][vc_empty_space height=&#8221;42px&#8221;][vc_column_text] Alonso Nah\u00fam Jim\u00e9nez Hern\u00e1ndez Associate [\/vc_column_text][vc_separator color=&#8221;black&#8221;][vc_column_text] ajimenez@aguilarloera.com [\/vc_column_text][\/vc_column_inner][\/vc_row_inner][vc_column_text] EDUCATION [\/vc_column_text][vc_column_text]Universidad&#8230;<\/p>\n","protected":false},"author":2,"featured_media":0,"parent":0,"menu_order":0,"comment_status":"closed","ping_status":"closed","template":"","meta":{"_links_to":"","_links_to_target":""},"_links":{"self":[{"href":"https:\/\/aguilarloera.com\/en\/wp-json\/wp\/v2\/pages\/3859"}],"collection":[{"href":"https:\/\/aguilarloera.com\/en\/wp-json\/wp\/v2\/pages"}],"about":[{"href":"https:\/\/aguilarloera.com\/en\/wp-json\/wp\/v2\/types\/page"}],"author":[{"embeddable":true,"href":"https:\/\/aguilarloera.com\/en\/wp-json\/wp\/v2\/users\/2"}],"replies":[{"embeddable":true,"href":"https:\/\/aguilarloera.com\/en\/wp-json\/wp\/v2\/comments?post=3859"}],"version-history":[{"count":1,"href":"https:\/\/aguilarloera.com\/en\/wp-json\/wp\/v2\/pages\/3859\/revisions"}],"predecessor-version":[{"id":3860,"href":"https:\/\/aguilarloera.com\/en\/wp-json\/wp\/v2\/pages\/3859\/revisions\/3860"}],"wp:attachment":[{"href":"https:\/\/aguilarloera.com\/en\/wp-json\/wp\/v2\/media?parent=3859"}],"curies":[{"name":"wp","href":"https:\/\/api.w.org\/{rel}","templated":true}]}}