{"id":3853,"date":"2025-01-07T14:06:05","date_gmt":"2025-01-07T20:06:05","guid":{"rendered":"https:\/\/aguilarloera.com\/en\/?page_id=3853"},"modified":"2025-02-07T13:55:11","modified_gmt":"2025-02-07T19:55:11","slug":"nicolas-diaz-rodriguez","status":"publish","type":"page","link":"https:\/\/aguilarloera.com\/en\/nicolas-diaz-rodriguez\/","title":{"rendered":"Nicol\u00e1s D\u00edaz Rodr\u00edguez"},"content":{"rendered":"<p>[vc_row][vc_column][vc_row_inner][vc_column_inner width=&#8221;1\/2&#8243;][vc_single_image image=&#8221;3857&#8243; img_size=&#8221;327&#215;490&#8243; alignment=&#8221;center&#8221;][\/vc_column_inner][vc_column_inner width=&#8221;1\/2&#8243;][vc_empty_space height=&#8221;42px&#8221;][vc_empty_space height=&#8221;42px&#8221;][vc_empty_space height=&#8221;42px&#8221;][vc_column_text]<\/p>\n<p style=\"text-align: center;\"><strong style=\"font-size: 40px;\">Nicol\u00e1s D\u00edaz Rodr\u00edguez<\/strong><\/p>\n<p style=\"text-align: center;\"><strong style=\"font-size: 25px;\">Associate<\/strong><\/p>\n<p>[\/vc_column_text][vc_separator color=&#8221;black&#8221;][vc_column_text]<\/p>\n<p style=\"text-align: center;\"><a href=\"mailto:ndiaz@aguilarloera.com\">ndiaz@aguilarloera.com<\/a><\/p>\n<p>[\/vc_column_text][\/vc_column_inner][\/vc_row_inner][vc_column_text]<\/p>\n<h3><strong>EDUCATION<\/strong><\/h3>\n<p>[\/vc_column_text][vc_column_text]Universidad Erasmus de Rotterdam (LLM. Law and Economics, Specialization in Innovation and Intellectual Property, 2020).<\/p>\n<p>University of Guadalajara (Master\u2019s Degree in Business and Economic Studies, 2015).<\/p>\n<p>Colegio de M\u00e9xico &#8211; Ministry of Economy (Diploma in International Trade Negotiations, 2018).<\/p>\n<p>University of Guadalajara (Economics Degree, 2012).<\/p>\n<p>FSTSE-INESAP (Law Degree, 2012).[\/vc_column_text][vc_separator color=&#8221;custom&#8221; border_width=&#8221;2&#8243; accent_color=&#8221;#707070&#8243;][vc_column_text]<\/p>\n<h3><strong>PROFESSIONAL EXPERIENCE<\/strong><\/h3>\n<p>[\/vc_column_text][vc_column_text]Aguilar &amp; Loera, S.C. (Associate, January 2025 &#8211; to date).<\/p>\n<p>Federal Attorney for Environmental Protection (PROFEPA), (Coordinator of the Environmental Protection and Territorial Management Representative Offices, 2024).<\/p>\n<p>Secretariat of Economic Development of the State of Jalisco (Director of Planning Instruments and Director of Strategic and Transversal Projects, 2022-2024).<\/p>\n<p>Private Consultant in Foreign Trade (2021-2022).<\/p>\n<p>Ministry of Economy (Director of Tariff Nomenclature, 2015-2019, 2020-2021).[\/vc_column_text][vc_separator color=&#8221;custom&#8221; border_width=&#8221;2&#8243; accent_color=&#8221;#707070&#8243;][vc_column_text]<\/p>\n<h3><strong>CONFERENCES AND PERFORMANCES<\/strong><\/h3>\n<p>[\/vc_column_text][vc_separator color=&#8221;custom&#8221; border_width=&#8221;2&#8243; accent_color=&#8221;#707070&#8243;][vc_column_text]He has participated and given various forums and conferences on tariff nomenclature, national and state economic perspectives, nearshoring, among others.<br \/>\nRepresentative of the Ministry of Economy to the World Customs Organization in various sessions of the Committee on the Harmonized System.<br \/>\n[\/vc_column_text][vc_separator color=&#8221;custom&#8221; border_width=&#8221;2&#8243; accent_color=&#8221;#707070&#8243;][vc_column_text]<\/p>\n<h3><strong>ACADEMIC EXPERIENCE<\/strong><\/h3>\n<p>[\/vc_column_text][vc_column_text]Professor of the Diploma in International Trade Negotiations.[\/vc_column_text][vc_separator color=&#8221;custom&#8221; border_width=&#8221;2&#8243; accent_color=&#8221;#707070&#8243;][vc_column_text]<\/p>\n<h3>MAIN AREAS OF PROFESSIONAL EXPERIENCE<\/h3>\n<p>[\/vc_column_text][vc_column_text]International Trade, Anti-Dumping Investigations, Database Management and Analysis, Economic Analysis, Customs, Tariff Preference Programs, Economic Competition, Environmental Law, Planning, Public Policies and Investment Attraction, Specialist in Foreign Trade Statistics and the Data Stage.[\/vc_column_text][vc_separator color=&#8221;custom&#8221; border_width=&#8221;2&#8243; accent_color=&#8221;#707070&#8243;][vc_column_text]<\/p>\n<h3><strong>LANGUAGES<\/strong><\/h3>\n<p>[\/vc_column_text][vc_column_text]Spanish, English, French (basic).[\/vc_column_text][vc_separator color=&#8221;custom&#8221; border_width=&#8221;2&#8243; accent_color=&#8221;#707070&#8243;][vc_empty_space][\/vc_column][\/vc_row][vc_row full_width=&#8221;stretch_row_content_no_spaces&#8221; equal_height=&#8221;yes&#8221; css=&#8221;.vc_custom_1601495218992{margin-bottom: 0px !important;padding-bottom: 0px !important;}&#8221;][vc_column css=&#8221;.vc_custom_1622080672814{padding-top: 50px !important;padding-right: 50px !important;padding-bottom: 50px !important;padding-left: 50px !important;background-image: url(https:\/\/aguilarloera.com\/en\/wp-content\/uploads\/2021\/05\/Aguilar-loera-abogados-nuestro-equipo-1-1.jpg?id=3299) !important;background-position: center !important;background-repeat: no-repeat !important;background-size: cover !important;}&#8221;][vc_empty_space height=&#8221;400px&#8221;][\/vc_column][\/vc_row]<\/p>\n","protected":false},"excerpt":{"rendered":"<p>[vc_row][vc_column][vc_row_inner][vc_column_inner width=&#8221;1\/2&#8243;][vc_single_image image=&#8221;3857&#8243; img_size=&#8221;327&#215;490&#8243; alignment=&#8221;center&#8221;][\/vc_column_inner][vc_column_inner width=&#8221;1\/2&#8243;][vc_empty_space height=&#8221;42px&#8221;][vc_empty_space height=&#8221;42px&#8221;][vc_empty_space height=&#8221;42px&#8221;][vc_column_text] Nicol\u00e1s D\u00edaz Rodr\u00edguez Associate [\/vc_column_text][vc_separator color=&#8221;black&#8221;][vc_column_text] ndiaz@aguilarloera.com [\/vc_column_text][\/vc_column_inner][\/vc_row_inner][vc_column_text] EDUCATION [\/vc_column_text][vc_column_text]Universidad Erasmus&#8230;<\/p>\n","protected":false},"author":2,"featured_media":0,"parent":0,"menu_order":0,"comment_status":"closed","ping_status":"closed","template":"","meta":{"_links_to":"","_links_to_target":""},"_links":{"self":[{"href":"https:\/\/aguilarloera.com\/en\/wp-json\/wp\/v2\/pages\/3853"}],"collection":[{"href":"https:\/\/aguilarloera.com\/en\/wp-json\/wp\/v2\/pages"}],"about":[{"href":"https:\/\/aguilarloera.com\/en\/wp-json\/wp\/v2\/types\/page"}],"author":[{"embeddable":true,"href":"https:\/\/aguilarloera.com\/en\/wp-json\/wp\/v2\/users\/2"}],"replies":[{"embeddable":true,"href":"https:\/\/aguilarloera.com\/en\/wp-json\/wp\/v2\/comments?post=3853"}],"version-history":[{"count":3,"href":"https:\/\/aguilarloera.com\/en\/wp-json\/wp\/v2\/pages\/3853\/revisions"}],"predecessor-version":[{"id":3891,"href":"https:\/\/aguilarloera.com\/en\/wp-json\/wp\/v2\/pages\/3853\/revisions\/3891"}],"wp:attachment":[{"href":"https:\/\/aguilarloera.com\/en\/wp-json\/wp\/v2\/media?parent=3853"}],"curies":[{"name":"wp","href":"https:\/\/api.w.org\/{rel}","templated":true}]}}