{"id":3822,"date":"2024-09-08T11:05:09","date_gmt":"2024-09-08T17:05:09","guid":{"rendered":"https:\/\/aguilarloera.com\/en\/?page_id=3822"},"modified":"2025-02-07T13:52:06","modified_gmt":"2025-02-07T19:52:06","slug":"maria-cristina-estrada-alvarez","status":"publish","type":"page","link":"https:\/\/aguilarloera.com\/en\/maria-cristina-estrada-alvarez\/","title":{"rendered":"Mar\u00eda Cristina Estrada \u00c1lvarez"},"content":{"rendered":"<p>[vc_row][vc_column][vc_row_inner][vc_column_inner width=&#8221;1\/2&#8243;][vc_single_image image=&#8221;3842&#8243; img_size=&#8221;327&#215;490&#8243; alignment=&#8221;center&#8221;][\/vc_column_inner][vc_column_inner width=&#8221;1\/2&#8243;][vc_empty_space height=&#8221;42px&#8221;][vc_empty_space height=&#8221;42px&#8221;][vc_empty_space height=&#8221;42px&#8221;][vc_column_text]<\/p>\n<p style=\"text-align: center;\"><strong style=\"font-size: 40px;\">Mar\u00eda Cristina Estrada \u00c1lvarez<\/strong><\/p>\n<p style=\"text-align: center;\"><strong style=\"font-size: 25px;\">Associate<\/strong><\/p>\n<p>[\/vc_column_text][vc_separator color=&#8221;black&#8221;][vc_column_text]<\/p>\n<p style=\"text-align: center;\"><a href=\"mailto:mcestrada@aguilarloera.com\">mcestrada@aguilarloera.com<\/a><\/p>\n<p>[\/vc_column_text][\/vc_column_inner][\/vc_row_inner][vc_column_text]<\/p>\n<h3><strong>EDUCATION<\/strong><\/h3>\n<p>[\/vc_column_text][vc_column_text]Pan-American University (Law, 2007).[\/vc_column_text][vc_separator color=&#8221;custom&#8221; border_width=&#8221;2&#8243; accent_color=&#8221;#707070&#8243;][vc_column_text]<\/p>\n<h3><strong>PROFESSIONAL EXPERIENCE<\/strong><\/h3>\n<p>[\/vc_column_text][vc_column_text]Aguilar &amp; Loera, S.C. (Senior Associate, February 2024 to date).<\/p>\n<p>Pani Abogados, S.C. (Senior Off Counsel 2022-2023).<\/p>\n<p>External legal advisor Fondo para Ni\u00f1os de M\u00e9xico, A.C. and Child Fund M\u00e9xico, I.A.P. (2020-2024).<\/p>\n<p>Gallo Abogados, S.C. (Senior Associate 2012-2019).<\/p>\n<p>J\u00e1uregui, Navarrete y Nader, S.C. (Intern 2005-2007, Junior Associate 2007-2012).[\/vc_column_text][vc_separator color=&#8221;custom&#8221; border_width=&#8221;2&#8243; accent_color=&#8221;#707070&#8243;][vc_column_text]<\/p>\n<h3>MAIN AREAS OF PROFESSIONAL EXPERIENCE<\/h3>\n<p>[\/vc_column_text][vc_column_text]Corporate and Contractual, Mergers and Acquisitions, Transactional, Foreign Investments, Government Procurement, Infrastructure.[\/vc_column_text][vc_separator color=&#8221;custom&#8221; border_width=&#8221;2&#8243; accent_color=&#8221;#707070&#8243;][vc_column_text]<\/p>\n<h3><strong>LANGUAGES<\/strong><\/h3>\n<p>[\/vc_column_text][vc_column_text]Spanish, English.[\/vc_column_text][vc_separator color=&#8221;custom&#8221; border_width=&#8221;2&#8243; accent_color=&#8221;#707070&#8243;][vc_empty_space][\/vc_column][\/vc_row][vc_row full_width=&#8221;stretch_row_content_no_spaces&#8221; equal_height=&#8221;yes&#8221; css=&#8221;.vc_custom_1601495218992{margin-bottom: 0px !important;padding-bottom: 0px !important;}&#8221;][vc_column css=&#8221;.vc_custom_1622080672814{padding-top: 50px !important;padding-right: 50px !important;padding-bottom: 50px !important;padding-left: 50px !important;background-image: url(https:\/\/aguilarloera.com\/en\/wp-content\/uploads\/2021\/05\/Aguilar-loera-abogados-nuestro-equipo-1-1.jpg?id=3299) !important;background-position: center !important;background-repeat: no-repeat !important;background-size: cover !important;}&#8221;][vc_empty_space height=&#8221;400px&#8221;][\/vc_column][\/vc_row]<\/p>\n","protected":false},"excerpt":{"rendered":"<p>[vc_row][vc_column][vc_row_inner][vc_column_inner width=&#8221;1\/2&#8243;][vc_single_image image=&#8221;3842&#8243; img_size=&#8221;327&#215;490&#8243; alignment=&#8221;center&#8221;][\/vc_column_inner][vc_column_inner width=&#8221;1\/2&#8243;][vc_empty_space height=&#8221;42px&#8221;][vc_empty_space height=&#8221;42px&#8221;][vc_empty_space height=&#8221;42px&#8221;][vc_column_text] Mar\u00eda Cristina Estrada \u00c1lvarez Associate [\/vc_column_text][vc_separator color=&#8221;black&#8221;][vc_column_text] mcestrada@aguilarloera.com [\/vc_column_text][\/vc_column_inner][\/vc_row_inner][vc_column_text] EDUCATION [\/vc_column_text][vc_column_text]Pan-American&#8230;<\/p>\n","protected":false},"author":2,"featured_media":0,"parent":0,"menu_order":0,"comment_status":"closed","ping_status":"closed","template":"","meta":{"_links_to":"","_links_to_target":""},"_links":{"self":[{"href":"https:\/\/aguilarloera.com\/en\/wp-json\/wp\/v2\/pages\/3822"}],"collection":[{"href":"https:\/\/aguilarloera.com\/en\/wp-json\/wp\/v2\/pages"}],"about":[{"href":"https:\/\/aguilarloera.com\/en\/wp-json\/wp\/v2\/types\/page"}],"author":[{"embeddable":true,"href":"https:\/\/aguilarloera.com\/en\/wp-json\/wp\/v2\/users\/2"}],"replies":[{"embeddable":true,"href":"https:\/\/aguilarloera.com\/en\/wp-json\/wp\/v2\/comments?post=3822"}],"version-history":[{"count":6,"href":"https:\/\/aguilarloera.com\/en\/wp-json\/wp\/v2\/pages\/3822\/revisions"}],"predecessor-version":[{"id":3889,"href":"https:\/\/aguilarloera.com\/en\/wp-json\/wp\/v2\/pages\/3822\/revisions\/3889"}],"wp:attachment":[{"href":"https:\/\/aguilarloera.com\/en\/wp-json\/wp\/v2\/media?parent=3822"}],"curies":[{"name":"wp","href":"https:\/\/api.w.org\/{rel}","templated":true}]}}