{"id":3757,"date":"2022-09-01T12:00:37","date_gmt":"2022-09-01T17:00:37","guid":{"rendered":"https:\/\/aguilarloera.com\/en\/?page_id=3757"},"modified":"2025-02-07T13:50:51","modified_gmt":"2025-02-07T19:50:51","slug":"ricardo-j-peraza-tello","status":"publish","type":"page","link":"https:\/\/aguilarloera.com\/en\/ricardo-j-peraza-tello\/","title":{"rendered":"Ricardo J. Peraza Tello"},"content":{"rendered":"<p>[vc_row][vc_column][vc_row_inner][vc_column_inner width=&#8221;1\/2&#8243;][vc_single_image image=&#8221;3758&#8243; img_size=&#8221;327&#215;450&#8243; alignment=&#8221;center&#8221;][\/vc_column_inner][vc_column_inner width=&#8221;1\/2&#8243;][vc_empty_space height=&#8221;42px&#8221;][vc_empty_space height=&#8221;42px&#8221;][vc_empty_space height=&#8221;42px&#8221;][vc_column_text]<\/p>\n<p style=\"text-align: center;\"><strong style=\"font-size: 40px;\">Ricardo J. Peraza Tello<\/strong><\/p>\n<p style=\"text-align: center;\"><strong style=\"font-size: 25px;\">Associate<\/strong><\/p>\n<p>[\/vc_column_text][vc_separator color=&#8221;black&#8221;][vc_column_text]<\/p>\n<p style=\"text-align: center;\"><a href=\"mailto:rperaza@aguilarloera.com\">rperaza@aguilarloera.com<\/a><\/p>\n<p>[\/vc_column_text][\/vc_column_inner][\/vc_row_inner][vc_column_text]<\/p>\n<h3><strong>EDUCATION<\/strong><\/h3>\n<p>[\/vc_column_text][vc_column_text]Universidad Iberoamericana, UIA Bachelor of Laws (2004).<\/p>\n<p>London School of Economics and Political Sciences, LSE Master of Laws ( LL.M with Corporate and Commercial Merit, 2007).<\/p>\n<p>Instituto Panamericano de Alta Direcci\u00f3n de Empresas, IPADE Master in Business Administration ( MBA, 2013).<\/p>\n<p>ESG Certification \u201cInternational Sustainable Business\u201d ISB Level II Specialist (2023).<\/p>\n<p>Instituto Tecnol\u00f3gico Aut\u00f3nomo de M\u00e9xico, ITAM Postgraduate in Corporate Law (2022).<\/p>\n<p>Harvard Law School, Program on Negotiation (2009).<\/p>\n<p>Georgetown University, WTO Academy (2008).<\/p>\n<p>University of Cambridge, Postgraduate Diploma in Macro and Microeconomics (2007).<\/p>\n<p>University of Cambridge, Postgraduate Diploma in International Politics (2006).<\/p>\n<p>Peking University, Postgraduate Diploma in Globalization, Regulation and Governance (2006).<\/p>\n<p>London School of Economics and Political Sciences, Postgraduate Diplomas in English and International Law (2005).[\/vc_column_text][vc_separator color=&#8221;custom&#8221; border_width=&#8221;2&#8243; accent_color=&#8221;#707070&#8243;][vc_column_text]<\/p>\n<h3><strong>PROFESSIONAL EXPERIENCE<\/strong><\/h3>\n<p>[\/vc_column_text][vc_column_text]Aguilar &amp; Loera, S.C. (Senior Associate 2022 \u2013 to day).<\/p>\n<p>Law &amp; Trade, International (Legal Consultant 2018 \u2013 2022).<\/p>\n<p>Grupo DROTASA (CEO 2012-2018).<\/p>\n<p>Baker McKenzie (Junior Associate. 2011 \u2013 2012).<\/p>\n<p>Aguilar &amp; Loera, S.C. (Junior Associate 2008 \u2013 2010).<\/p>\n<p>World Trade Organization (Legal Analyst 2007 \u2013 2008).<\/p>\n<p>Mexican Embassy in the UK (Legal and Commercial Analyst 2004 -2006).<\/p>\n<p>Bufete Alatorre Mendieta, S.C. (Law Clerk 2000 -2003).[\/vc_column_text][vc_separator color=&#8221;custom&#8221; border_width=&#8221;2&#8243; accent_color=&#8221;#707070&#8243;][vc_column_text]<\/p>\n<h3><strong>ACADEMIC EXPERIENCE <\/strong><\/h3>\n<p>[\/vc_column_text][vc_column_text]Since 2008 has lecturer International Economic Law, International Public and Private Law courses in various universities including Universidad Iberoamericana, Universidad Anahuac Norte, Universidad de Las Americas Puebla and has been an invited lecturer in various national and international universities and law schools.[\/vc_column_text][vc_separator color=&#8221;custom&#8221; border_width=&#8221;2&#8243; accent_color=&#8221;#707070&#8243;][vc_column_text]<\/p>\n<h3>MAIN AREAS OF PROFESSIONAL EXPERIENCE<\/h3>\n<p>[\/vc_column_text][vc_column_text]International Trade (Free Trade Agreements, WTO, USMCA, Anti-dumping Investigations, Foreign Investment, Nearshoring), Corporate Governance (Corporate institutionalization and Succession of Family-owned Corporations), Labor Relations and Environmental Regulations (ESG).[\/vc_column_text][vc_separator color=&#8221;custom&#8221; border_width=&#8221;2&#8243; accent_color=&#8221;#707070&#8243;][vc_column_text]<\/p>\n<h3><strong>LANGUAGES<\/strong><\/h3>\n<p>[\/vc_column_text][vc_column_text]Spanish, English and basic knowledge of French and Mandarin[\/vc_column_text][vc_separator color=&#8221;custom&#8221; border_width=&#8221;2&#8243; accent_color=&#8221;#707070&#8243;][vc_empty_space][\/vc_column][\/vc_row][vc_row full_width=&#8221;stretch_row_content_no_spaces&#8221; equal_height=&#8221;yes&#8221; css=&#8221;.vc_custom_1601495218992{margin-bottom: 0px !important;padding-bottom: 0px !important;}&#8221;][vc_column css=&#8221;.vc_custom_1622080754090{padding-top: 50px !important;padding-right: 50px !important;padding-bottom: 50px !important;padding-left: 50px !important;background-image: url(https:\/\/aguilarloera.com\/en\/wp-content\/uploads\/2021\/05\/Aguilar-loera-abogados-nuestro-equipo-1-1.jpg?id=3299) !important;background-position: center !important;background-repeat: no-repeat !important;background-size: cover !important;}&#8221;][vc_empty_space height=&#8221;400px&#8221;][\/vc_column][\/vc_row]<\/p>\n","protected":false},"excerpt":{"rendered":"<p>[vc_row][vc_column][vc_row_inner][vc_column_inner width=&#8221;1\/2&#8243;][vc_single_image image=&#8221;3758&#8243; img_size=&#8221;327&#215;450&#8243; alignment=&#8221;center&#8221;][\/vc_column_inner][vc_column_inner width=&#8221;1\/2&#8243;][vc_empty_space height=&#8221;42px&#8221;][vc_empty_space height=&#8221;42px&#8221;][vc_empty_space height=&#8221;42px&#8221;][vc_column_text] Ricardo J. Peraza Tello Associate [\/vc_column_text][vc_separator color=&#8221;black&#8221;][vc_column_text] rperaza@aguilarloera.com [\/vc_column_text][\/vc_column_inner][\/vc_row_inner][vc_column_text] EDUCATION [\/vc_column_text][vc_column_text]Universidad&#8230;<\/p>\n","protected":false},"author":1,"featured_media":0,"parent":0,"menu_order":0,"comment_status":"closed","ping_status":"closed","template":"","meta":{"_links_to":"","_links_to_target":""},"_links":{"self":[{"href":"https:\/\/aguilarloera.com\/en\/wp-json\/wp\/v2\/pages\/3757"}],"collection":[{"href":"https:\/\/aguilarloera.com\/en\/wp-json\/wp\/v2\/pages"}],"about":[{"href":"https:\/\/aguilarloera.com\/en\/wp-json\/wp\/v2\/types\/page"}],"author":[{"embeddable":true,"href":"https:\/\/aguilarloera.com\/en\/wp-json\/wp\/v2\/users\/1"}],"replies":[{"embeddable":true,"href":"https:\/\/aguilarloera.com\/en\/wp-json\/wp\/v2\/comments?post=3757"}],"version-history":[{"count":4,"href":"https:\/\/aguilarloera.com\/en\/wp-json\/wp\/v2\/pages\/3757\/revisions"}],"predecessor-version":[{"id":3887,"href":"https:\/\/aguilarloera.com\/en\/wp-json\/wp\/v2\/pages\/3757\/revisions\/3887"}],"wp:attachment":[{"href":"https:\/\/aguilarloera.com\/en\/wp-json\/wp\/v2\/media?parent=3757"}],"curies":[{"name":"wp","href":"https:\/\/api.w.org\/{rel}","templated":true}]}}