{"id":3288,"date":"2021-05-26T20:18:46","date_gmt":"2021-05-27T01:18:46","guid":{"rendered":"https:\/\/aguilarloera.com\/en\/?page_id=3288"},"modified":"2025-02-07T14:07:59","modified_gmt":"2025-02-07T20:07:59","slug":"natural-gas","status":"publish","type":"page","link":"https:\/\/aguilarloera.com\/en\/natural-gas\/","title":{"rendered":"NATURAL GAS"},"content":{"rendered":"<p>[vc_row full_width=&#8221;stretch_row&#8221; disable_custom_paddings_mobile=&#8221;true&#8221; css=&#8221;.vc_custom_1601242433368{margin-bottom: 0px !important;padding-bottom: 80px !important;background-color: #ffffff !important;background-position: center !important;background-repeat: no-repeat !important;background-size: cover !important;}&#8221;][vc_column][vc_empty_space][vc_empty_space]<div id=\"ult-carousel-53833589569d10a8d6e671\" class=\"ult-carousel-wrapper   ult_horizontal\" data-gutter=\"15\" data-rtl=\"false\" ><div class=\"ult-carousel-418963108769d10a8d6e51f \" >[vc_single_image image=&#8221;3289&#8243; img_size=&#8221;full&#8221;]<\/div><\/div>\t\t\t<script type=\"text\/javascript\">\r\n\t\t\t\tjQuery(document).ready(function ($) {\r\n\t\t\t\t\tif( typeof jQuery('.ult-carousel-418963108769d10a8d6e51f').slick == \"function\"){\r\n\t\t\t\t\t\t$('.ult-carousel-418963108769d10a8d6e51f').slick({dots: true,autoplay: true,autoplaySpeed: 5000,speed: 300,infinite: true,arrows: false,slidesToScroll:1,slidesToShow:1,swipe: true,draggable: true,touchMove: true,pauseOnHover: true,pauseOnFocus: false,responsive: [\r\n\t\t\t\t\t\t\t{\r\n\t\t\t\t\t\t\t  breakpoint: 1026,\r\n\t\t\t\t\t\t\t  settings: {\r\n\t\t\t\t\t\t\t\tslidesToShow: 1,\r\n\t\t\t\t\t\t\t\tslidesToScroll: 1,  \r\n\t\t\t\t\t\t\t  }\r\n\t\t\t\t\t\t\t},\r\n\t\t\t\t\t\t\t{\r\n\t\t\t\t\t\t\t  breakpoint: 1025,\r\n\t\t\t\t\t\t\t  settings: {\r\n\t\t\t\t\t\t\t\tslidesToShow: 1,\r\n\t\t\t\t\t\t\t\tslidesToScroll: 1\r\n\t\t\t\t\t\t\t  }\r\n\t\t\t\t\t\t\t},\r\n\t\t\t\t\t\t\t{\r\n\t\t\t\t\t\t\t  breakpoint: 760,\r\n\t\t\t\t\t\t\t  settings: {\r\n\t\t\t\t\t\t\t\tslidesToShow: 1,\r\n\t\t\t\t\t\t\t\tslidesToScroll: 1\r\n\t\t\t\t\t\t\t  }\r\n\t\t\t\t\t\t\t}\r\n\t\t\t\t\t\t],pauseOnDotsHover: true,customPaging: function(slider, i) {\r\n                   return '<i type=\"button\" style= \"color:#333333;\" class=\"ultsl-record\" data-role=\"none\"><\/i>';\r\n                },});\r\n\t\t\t\t\t}\r\n\t\t\t\t});\r\n\t\t\t<\/script>\r\n\t\t\t[vc_empty_space][vc_row_inner][vc_column_inner][vc_column_text]<\/p>\n<h2 style=\"text-align: justify;\">NATURAL GAS<\/h2>\n<p>Representation in the negotiation and execution of natural gas transportation contracts, reserve capacities, interconnection contracts, measurement agreements, and operational balance agreements, among others. Representation of participants in public tenders published by decentralized organs of the federal public administration and currently by state-owned production companies under the new legal framework for the awarding of natural gas transportation contracts, including legal counsel to clients on project implementation agreements, such as engineering, procurement and construction contracts (EPC), project finance, etc.<\/p>\n<p>Legal counsel on the overland transportation of natural gas in tankers.<\/p>\n<p>Natural gas transportation, distribution, and storage licenses issued by the Energy Regulatory Commission.<\/p>\n<p>Legal counsel on the filing of expressions of interest before the Energy Regulatory Commission for specific natural gas projects.<\/p>\n<p>Promotion and negotiation of partnerships or strategic alliances between domestic and foreign companies interested in participating in natural gas projects in Mexico.<\/p>\n<p>Legal counsel on the different ways of structuring the sale of natural gas.[\/vc_column_text][\/vc_column_inner][\/vc_row_inner][\/vc_column][\/vc_row][vc_row full_width=&#8221;stretch_row&#8221; css=&#8221;.vc_custom_1601603898003{margin-bottom: 0px !important;background-image: url(https:\/\/aguilarloera.com\/en\/wp-content\/uploads\/2020\/10\/Aguilar-loera-despacho-abogados-mexico.jpg?id=1836) !important;background-position: center !important;background-repeat: no-repeat !important;background-size: cover !important;}&#8221;][vc_column]<div id=\"fullwidth-block-69d10a8d709c6\" class=\"fullwidth-block clearfix\"  style=\"padding-top: 20px;padding-bottom: 70px;\"><script type=\"text\/javascript\">if (typeof(gem_fix_fullwidth_position) == \"function\") { gem_fix_fullwidth_position(document.getElementById(\"fullwidth-block-69d10a8d709c6\")); }<\/script><div class=\"fullwidth-block-inner\"><div class=\"container\"><div class=\"clearboth\"><\/div><div class=\"gem-divider divider-hidden\" style=\"margin-top: 40px;\"><\/div>[vc_column_text el_class=&#8221;dline-1&#8243;]<\/p>\n<div class=\"title-h1\" style=\"text-align: center;\"><span style=\"color: #ffffff;\">\u00bfPOR QU\u00c9 NOSOTROS?<\/span><\/div>\n<p>[\/vc_column_text]<div class=\"clearboth\"><\/div><div class=\"gem-divider \" style=\"margin-top: 20px;\"><\/div>[vc_separator color=&#8221;custom&#8221; el_width=&#8221;10&#8243; accent_color=&#8221;#a1a1a1&#8243;]<div class=\"clearboth\"><\/div><div class=\"gem-divider \" style=\"margin-top: 32px;\"><\/div>[vc_column_text]<\/p>\n<div class=\"styled-subtitle\" style=\"text-align: center;\"><span style=\"color: #a2a4af;\">Estamos comprometidos con ser la mejor opci\u00f3n disponible en la prestaci\u00f3n de servicios legales. Para ello, desarrollamos una relaci\u00f3n cercana y directa con nuestros clientes para entender su realidad y necesidades espec\u00edficas.<\/span><\/div>\n<p>[\/vc_column_text]<div class=\"clearboth\"><\/div><div class=\"gem-divider divider-hidden\" style=\"margin-top: 100px;\"><\/div>[vc_row_inner][vc_column_inner width=&#8221;1\/3&#8243; css=&#8221;.vc_custom_1601690926944{background-image: url(https:\/\/aguilarloera.com\/en\/wp-content\/uploads\/2020\/10\/f01.png?id=1934) !important;}&#8221;]<div class=\"clearboth\"><\/div><div class=\"gem-divider dline-2-1\" style=\"margin-top: 55px;\"><\/div>[vc_column_text css_animation=&#8221;fadeIn&#8221; el_class=&#8221;dline-2-1&#8243;]<\/p>\n<div class=\"title-h6\"><span style=\"color: #00bcd4;\">ATENCI\u00d3N 100% PERSONALIZADA<\/span><\/div>\n<p>[\/vc_column_text][vc_separator color=&#8221;custom&#8221; align=&#8221;align_left&#8221; el_width=&#8221;30&#8243; accent_color=&#8221;#00bcd4&#8243; css=&#8221;.vc_custom_1547572413570{padding-top: 13px !important;}&#8221;]<div class=\"clearboth\"><\/div><div class=\"gem-divider \" style=\"margin-top: 20px;\"><\/div>[vc_column_text css_animation=&#8221;bottom-to-top&#8221; css=&#8221;.vc_custom_1601940100455{padding-right: 15px !important;}&#8221;]<span style=\"color: #ffffff;\">En A&amp;L sabemos que cada cliente es distinto, por lo que ofrecemos atenci\u00f3n y servicios 100% personalizados para satisfacer sus necesidades.<\/span>[\/vc_column_text]<div class=\"clearboth\"><\/div><div class=\"gem-divider \" style=\"margin-top: 20px;\"><\/div>[\/vc_column_inner][vc_column_inner width=&#8221;1\/3&#8243; css=&#8221;.vc_custom_1601691312181{background-image: url(https:\/\/aguilarloera.com\/en\/wp-content\/uploads\/2020\/10\/n02.png?id=1940) !important;}&#8221;]<div class=\"clearboth\"><\/div><div class=\"gem-divider \" style=\"margin-top: 55px;\"><\/div>[vc_column_text css_animation=&#8221;fadeIn&#8221; el_class=&#8221;dline-2-2&#8243;]<\/p>\n<div class=\"title-h6\"><span style=\"color: #00bcd4;\">SERVICIOS DE ALTA CALIDAD <\/span><\/div>\n<p>[\/vc_column_text][vc_separator color=&#8221;custom&#8221; align=&#8221;align_left&#8221; el_width=&#8221;30&#8243; accent_color=&#8221;#a3e7f0&#8243; css=&#8221;.vc_custom_1547799572368{padding-top: 13px !important;}&#8221;]<div class=\"clearboth\"><\/div><div class=\"gem-divider \" style=\"margin-top: 20px;\"><\/div>[vc_column_text css_animation=&#8221;bottom-to-top&#8221; css=&#8221;.vc_custom_1601940112609{padding-right: 15px !important;}&#8221;]<span style=\"color: #ffffff;\">Ofrecemos servicios de la m\u00e1s alta calidad impulsados por nuestros socios expertos en cada \u00e1rea con formaci\u00f3n y actualizaciones continuas.<\/span>[\/vc_column_text]<div class=\"clearboth\"><\/div><div class=\"gem-divider \" style=\"margin-top: 20px;\"><\/div>[\/vc_column_inner][vc_column_inner width=&#8221;1\/3&#8243; css=&#8221;.vc_custom_1601691346108{background-image: url(https:\/\/aguilarloera.com\/en\/wp-content\/uploads\/2020\/10\/n03.png?id=1939) !important;}&#8221;]<div class=\"clearboth\"><\/div><div class=\"gem-divider \" style=\"margin-top: 55px;\"><\/div>[vc_column_text css_animation=&#8221;none&#8221; el_class=&#8221;dline-2-3&#8243;]<\/p>\n<div class=\"title-h6\"><span style=\"color: #00bcd4;\">ESPECIALIZACI\u00d3N EN GRAN VARIEDAD DE \u00c1REAS<\/span><\/div>\n<p>[\/vc_column_text][vc_separator color=&#8221;custom&#8221; align=&#8221;align_left&#8221; el_width=&#8221;30&#8243; accent_color=&#8221;#b7d4da&#8221;]<div class=\"clearboth\"><\/div><div class=\"gem-divider \" style=\"margin-top: 20px;\"><\/div>[vc_column_text css_animation=&#8221;bottom-to-top&#8221; css=&#8221;.vc_custom_1629916723943{padding-right: 15px !important;}&#8221;]<span style=\"color: #ffffff;\">Nuestros abogados son especialistas con larga experiencia en m\u00faltiples \u00e1reas del derecho. \u00a1Conoce cada una!<\/span>[\/vc_column_text]<div class=\"clearboth\"><\/div><div class=\"gem-divider \" style=\"margin-top: 20px;\"><\/div>[\/vc_column_inner][\/vc_row_inner][vc_row_inner][vc_column_inner width=&#8221;1\/3&#8243; css=&#8221;.vc_custom_1601691391172{background-image: url(https:\/\/aguilarloera.com\/en\/wp-content\/uploads\/2020\/10\/n04.png?id=1938) !important;}&#8221;]<div class=\"clearboth\"><\/div><div class=\"gem-divider \" style=\"margin-top: 55px;\"><\/div>[vc_column_text css_animation=&#8221;fadeIn&#8221; el_class=&#8221;dline-2-4&#8243;]<\/p>\n<div class=\"title-h6\"><span style=\"color: #00bcd4;\">HONORABILIDAD Y EXPERIENCIA<\/span><\/div>\n<p>[\/vc_column_text][vc_separator color=&#8221;custom&#8221; align=&#8221;align_left&#8221; el_width=&#8221;30&#8243; accent_color=&#8221;#00bcd4&#8243; css=&#8221;.vc_custom_1547572413570{padding-top: 13px !important;}&#8221;]<div class=\"clearboth\"><\/div><div class=\"gem-divider \" style=\"margin-top: 20px;\"><\/div>[vc_column_text css_animation=&#8221;bottom-to-top&#8221; css=&#8221;.vc_custom_1601940135076{padding-right: 15px !important;}&#8221;]<span style=\"color: #ffffff;\">En A&amp;L estamos conscientes de las exigencias de la honorabilidad y experiencia profesional en el \u00e1mbito del derecho.<\/span>[\/vc_column_text]<div class=\"clearboth\"><\/div><div class=\"gem-divider \" style=\"margin-top: 20px;\"><\/div>[\/vc_column_inner][vc_column_inner width=&#8221;1\/3&#8243; css=&#8221;.vc_custom_1601691411356{background-image: url(https:\/\/aguilarloera.com\/en\/wp-content\/uploads\/2020\/10\/n05.png?id=1937) !important;}&#8221;]<div class=\"clearboth\"><\/div><div class=\"gem-divider \" style=\"margin-top: 55px;\"><\/div>[vc_column_text css_animation=&#8221;fadeIn&#8221; el_class=&#8221;dline-2-5&#8243;]<\/p>\n<div class=\"title-h6\"><span style=\"color: #00bcd4;\">RANKEADOS Y RECONOCIDOS POR<br \/>\nDIVERSAS PUBLICACIONES <\/span><\/div>\n<p>[\/vc_column_text][vc_separator color=&#8221;custom&#8221; align=&#8221;align_left&#8221; el_width=&#8221;30&#8243; accent_color=&#8221;#a3e7f0&#8243; css=&#8221;.vc_custom_1547799572368{padding-top: 13px !important;}&#8221;]<div class=\"clearboth\"><\/div><div class=\"gem-divider \" style=\"margin-top: 20px;\"><\/div>[vc_column_text css_animation=&#8221;bottom-to-top&#8221; css=&#8221;.vc_custom_1601940160105{padding-right: 15px !important;}&#8221;]<span style=\"color: #ffffff;\">Todos los socios de A&amp;L han sido rankeados y reconocidos por diversas e importantes publicaciones internacionales.<\/span>[\/vc_column_text]<div class=\"clearboth\"><\/div><div class=\"gem-divider \" style=\"margin-top: 20px;\"><\/div>[\/vc_column_inner][vc_column_inner width=&#8221;1\/3&#8243; css=&#8221;.vc_custom_1601691427988{background-image: url(https:\/\/aguilarloera.com\/en\/wp-content\/uploads\/2020\/10\/n06.png?id=1936) !important;}&#8221;]<div class=\"clearboth\"><\/div><div class=\"gem-divider \" style=\"margin-top: 55px;\"><\/div>[vc_column_text css_animation=&#8221;fadeIn&#8221; el_class=&#8221;dline-2-6&#8243;]<\/p>\n<div class=\"title-h6\"><span style=\"color: #00bcd4;\">M\u00c1S DE 25 A\u00d1OS DE EXPERIENCIA<\/span><\/div>\n<p>[\/vc_column_text][vc_separator color=&#8221;custom&#8221; align=&#8221;align_left&#8221; el_width=&#8221;30&#8243; accent_color=&#8221;#b7d4da&#8221;]<div class=\"clearboth\"><\/div><div class=\"gem-divider \" style=\"margin-top: 20px;\"><\/div>[vc_column_text css_animation=&#8221;bottom-to-top&#8221; css=&#8221;.vc_custom_1601940171883{padding-right: 15px !important;}&#8221;]<span style=\"color: #ffffff;\">La vasta experiencia de nuestros socios y abogados garantiza servicios de primera calidad para satisfacer las necesidades de cada uno de nuestros clientes.<\/span>[\/vc_column_text]<div class=\"clearboth\"><\/div><div class=\"gem-divider \" style=\"margin-top: 20px;\"><\/div>[\/vc_column_inner][\/vc_row_inner]<\/div><\/div><\/div>[\/vc_column][\/vc_row]<\/p>\n","protected":false},"excerpt":{"rendered":"<p>[vc_row full_width=&#8221;stretch_row&#8221; disable_custom_paddings_mobile=&#8221;true&#8221; css=&#8221;.vc_custom_1601242433368{margin-bottom: 0px !important;padding-bottom: 80px !important;background-color: #ffffff !important;background-position: center !important;background-repeat: no-repeat !important;background-size: cover !important;}&#8221;][vc_column][vc_empty_space][vc_empty_space][vc_empty_space][vc_row_inner][vc_column_inner][vc_column_text] NATURAL GAS Representation in&#8230;<\/p>\n","protected":false},"author":1,"featured_media":0,"parent":0,"menu_order":0,"comment_status":"closed","ping_status":"closed","template":"","meta":{"_links_to":"","_links_to_target":""},"_links":{"self":[{"href":"https:\/\/aguilarloera.com\/en\/wp-json\/wp\/v2\/pages\/3288"}],"collection":[{"href":"https:\/\/aguilarloera.com\/en\/wp-json\/wp\/v2\/pages"}],"about":[{"href":"https:\/\/aguilarloera.com\/en\/wp-json\/wp\/v2\/types\/page"}],"author":[{"embeddable":true,"href":"https:\/\/aguilarloera.com\/en\/wp-json\/wp\/v2\/users\/1"}],"replies":[{"embeddable":true,"href":"https:\/\/aguilarloera.com\/en\/wp-json\/wp\/v2\/comments?post=3288"}],"version-history":[{"count":9,"href":"https:\/\/aguilarloera.com\/en\/wp-json\/wp\/v2\/pages\/3288\/revisions"}],"predecessor-version":[{"id":3900,"href":"https:\/\/aguilarloera.com\/en\/wp-json\/wp\/v2\/pages\/3288\/revisions\/3900"}],"wp:attachment":[{"href":"https:\/\/aguilarloera.com\/en\/wp-json\/wp\/v2\/media?parent=3288"}],"curies":[{"name":"wp","href":"https:\/\/api.w.org\/{rel}","templated":true}]}}