{"id":2783,"date":"2021-05-01T18:46:48","date_gmt":"2021-05-01T16:46:48","guid":{"rendered":"https:\/\/aguilarloera.com\/en\/?page_id=2783"},"modified":"2021-05-01T18:48:51","modified_gmt":"2021-05-01T16:48:51","slug":"aviso-de-privacidad","status":"publish","type":"page","link":"https:\/\/aguilarloera.com\/en\/aviso-de-privacidad\/","title":{"rendered":"AVISO DE PRIVACIDAD"},"content":{"rendered":"<p>[vc_row css=&#8221;.vc_custom_1619887680752{margin-top: -30px !important;}&#8221;][vc_column][vc_column_text]En cumplimiento a lo establecido en la Ley Federal de Protecci\u00f3n de Datos Personales en Posesi\u00f3n de los Particulares (la \u201cLey\u201d) y su Reglamento, Aguilar y Loera, S.C. (en lo sucesivo \u201cAguilar &amp; Loera\u201d) pone a su disposici\u00f3n el presente aviso de privacidad, el cual tiene por objeto informarle sobre el tratamiento que se le dar\u00e1 a los datos personales que sean proporcionados a esta empresa.<\/p>\n<p>La empresa responsable del uso y protecci\u00f3n de sus datos personales es Aguilar &amp; Loera, con domicilio en Guillermo Gonz\u00e1lez Camarena # 1200 Piso 4, Colonia Santa Fe, c.p. 01210, Ciudad de M\u00e9xico.<\/p>\n<p>Las finalidades del tratamiento de sus datos personales son, entre otras, contar con una base de datos actualizada con informaci\u00f3n de empleados, candidatos, clientes y proveedores que permita a Aguilar &amp; Loera contar con una adecuada administraci\u00f3n y control interno de sus operaciones; evaluar la calidad del servicio proporcionado; mantener informados de eventos, lanzamientos y diversa informaci\u00f3n de inter\u00e9s a sus contactos; entrega de productos e informaci\u00f3n a clientes; as\u00ed como dar cumplimiento a sus obligaciones laborales, fiscales y dem\u00e1s aplicables.<\/p>\n<p>Los datos personales a ser recabados por Aguilar &amp; Loera ser\u00e1n utilizados estrictamente para los fines se\u00f1alados en el p\u00e1rrafo inmediato anterior.<\/p>\n<p>De acuerdo con la naturaleza de su relaci\u00f3n con Aguilar &amp; Loera, los datos personales que recabar\u00e1 podr\u00e1n incluir los siguientes: nombre completo, domicilio, tel\u00e9fonos, correo electr\u00f3nico, fecha de nacimiento, edad, nacionalidad, estado civil, sexo, idioma, fotograf\u00eda o imagen, identificaci\u00f3n oficial, clave \u00fanica de registro de poblaci\u00f3n (CURP), n\u00famero de seguridad social, registro federal de contribuyentes (RFC), informaci\u00f3n relacionada con formaci\u00f3n acad\u00e9mica, experiencia laboral, nombre completo de c\u00f3nyuge, nombre completo de hijos\/as, nombre completo de padre y madre; fecha de nacimiento de c\u00f3nyuge e hijos\/as.<\/p>\n<p>Los datos personales que usted nos proporcione est\u00e1n protegidos por medidas de seguridad administrativas, t\u00e9cnicas y f\u00edsicas, para evitar su da\u00f1o, p\u00e9rdida, alteraci\u00f3n, destrucci\u00f3n, uso, acceso o divulgaci\u00f3n indebida. \u00danicamente las personas autorizadas por Aguilar &amp; Loera tendr\u00e1n acceso a sus datos personales.<\/p>\n<p>Usted gozar\u00e1 en todo momento de los derechos de acceso, rectificaci\u00f3n, cancelaci\u00f3n y oposici\u00f3n sobre los datos personales que proporcione a Aguilar &amp; Loera. Si desea ejercer alguno de los derechos mencionados con anterioridad, ponemos a su disposici\u00f3n el tel\u00e9fono +52 (55) 3330 3400, y\/o la p\u00e1gina web www.aguilarloera.com<\/p>\n<p>Asimismo, le informamos que sus datos personales pueden ser compartidos, transferidos y tratados, dentro y fuera del pa\u00eds, por personas distintas a Aguilar &amp; Loera , para procesarlos de acuerdo con los objetivos descritos en el presente aviso de privacidad o para cualquier otro objetivo autorizado por la legislaci\u00f3n aplicable.<\/p>\n<p>Estos terceros han firmado acuerdos con Aguilar &amp; Loera en los que se comprometen a utilizar su informaci\u00f3n personal solamente para el cumplimiento de los objetivos acordados as\u00ed como a no vender o revelar su informaci\u00f3n personal a terceros, excepto en aquellos casos autorizados por la legislaci\u00f3n aplicable, con previa autorizaci\u00f3n de Aguilar &amp; Loera.<\/p>\n<p>Nos reservamos el derecho de efectuar en cualquier momento modificaciones o actualizaciones al presente aviso de privacidad, mismas que ser\u00e1n puestas a disposici\u00f3n para su consulta en la p\u00e1gina web www.aguilarloera.com<\/p>\n<p>Fecha de la \u00faltima actualizaci\u00f3n al presente aviso de privacidad: 26\/abril\/2021.[\/vc_column_text][vc_empty_space height=&#8221;50px&#8221;][\/vc_column][\/vc_row]<\/p>\n","protected":false},"excerpt":{"rendered":"<p>[vc_row css=&#8221;.vc_custom_1619887680752{margin-top: -30px !important;}&#8221;][vc_column][vc_column_text]En cumplimiento a lo establecido en la Ley Federal de Protecci\u00f3n de Datos Personales en Posesi\u00f3n de&#8230;<\/p>\n","protected":false},"author":1,"featured_media":0,"parent":0,"menu_order":0,"comment_status":"closed","ping_status":"closed","template":"","meta":{"_links_to":"","_links_to_target":""},"_links":{"self":[{"href":"https:\/\/aguilarloera.com\/en\/wp-json\/wp\/v2\/pages\/2783"}],"collection":[{"href":"https:\/\/aguilarloera.com\/en\/wp-json\/wp\/v2\/pages"}],"about":[{"href":"https:\/\/aguilarloera.com\/en\/wp-json\/wp\/v2\/types\/page"}],"author":[{"embeddable":true,"href":"https:\/\/aguilarloera.com\/en\/wp-json\/wp\/v2\/users\/1"}],"replies":[{"embeddable":true,"href":"https:\/\/aguilarloera.com\/en\/wp-json\/wp\/v2\/comments?post=2783"}],"version-history":[{"count":3,"href":"https:\/\/aguilarloera.com\/en\/wp-json\/wp\/v2\/pages\/2783\/revisions"}],"predecessor-version":[{"id":2786,"href":"https:\/\/aguilarloera.com\/en\/wp-json\/wp\/v2\/pages\/2783\/revisions\/2786"}],"wp:attachment":[{"href":"https:\/\/aguilarloera.com\/en\/wp-json\/wp\/v2\/media?parent=2783"}],"curies":[{"name":"wp","href":"https:\/\/api.w.org\/{rel}","templated":true}]}}