{"id":2146,"date":"2021-03-05T05:12:50","date_gmt":"2021-03-05T04:12:50","guid":{"rendered":"https:\/\/aguilarloera.com\/en\/?page_id=2146"},"modified":"2025-02-07T13:46:16","modified_gmt":"2025-02-07T19:46:16","slug":"gisela-bolivar-villagomez","status":"publish","type":"page","link":"https:\/\/aguilarloera.com\/en\/gisela-bolivar-villagomez\/","title":{"rendered":"Gisela Bol\u00edvar Villag\u00f3mez"},"content":{"rendered":"<p>[vc_row][vc_column][vc_row_inner][vc_column_inner width=&#8221;1\/2&#8243;][vc_single_image image=&#8221;3717&#8243; img_size=&#8221;327&#215;450&#8243; alignment=&#8221;center&#8221;][\/vc_column_inner][vc_column_inner width=&#8221;1\/2&#8243;][vc_empty_space height=&#8221;42px&#8221;][vc_empty_space height=&#8221;42px&#8221;][vc_empty_space height=&#8221;42px&#8221;][vc_column_text]<\/p>\n<p style=\"text-align: center;\"><strong style=\"font-size: 40px;\">Gisela Bol\u00edvar Villag\u00f3mez<\/strong><\/p>\n<p style=\"text-align: center;\"><strong style=\"font-size: 25px;\">Partner<\/strong><\/p>\n<p>[\/vc_column_text][vc_separator color=&#8221;black&#8221;][vc_column_text]<\/p>\n<p style=\"text-align: center;\"><a href=\"mailto:gbolivar@aguilarloera.com\">gbolivar@aguilarloera.com<\/a><\/p>\n<p>[\/vc_column_text][\/vc_column_inner][\/vc_row_inner][vc_column_text]<\/p>\n<h3><strong>EDUCATION<\/strong><\/h3>\n<p>[\/vc_column_text][vc_column_text]Ibero-American University, Mexico City (Law, 1987).<\/p>\n<p>Charles III University of Madrid, Spain, Master of Laws in European Union Law (1997) and Diploma in Economic Competition (1997).<\/p>\n<p>European Institute for Public Affairs and Lobbying (EIPAL), Belgium, Diploma in Lobbying (1998).[\/vc_column_text][vc_separator color=&#8221;custom&#8221; border_width=&#8221;2&#8243; accent_color=&#8221;#707070&#8243;][vc_column_text]<\/p>\n<h3><strong>PROFESSIONAL EXPERIENCE<\/strong><\/h3>\n<p>[\/vc_column_text][vc_column_text]<\/p>\n<p style=\"text-align: justify;\">Partner at Aguilar &amp; Loera, S.C. (2013 to date).<\/p>\n<p style=\"text-align: justify;\">Panelist for the World Trade Organization (WTO) (2019 to date) (2011-2012). Panelist for Chapter 19 of the North American Free Trade Agreement (2008 to 2011).<\/p>\n<p style=\"text-align: justify;\">Partner at JRA (2007- 2013).<\/p>\n<p style=\"text-align: justify;\">Member of the WTO list of experts regarding International Commerce (2007 to date).<\/p>\n<p style=\"text-align: justify;\">Partner at LVHS, S.C. (2002-2007).<\/p>\n<p style=\"text-align: justify;\">Associate at JNNR S.C. (1999-2002).<\/p>\n<p style=\"text-align: justify;\">Foreign Associate at O\u2019Melveny &amp; Myers LLP law firm, Washington D.C. (1998-1999).<\/p>\n<p style=\"text-align: justify;\">Foreign Associate at O\u2019Connor and Company, European Lawyers, Brussels (1997-1998). Director of Bilateral Judicial Procedures and Staff Coordinator for the Head of the International Trade Practices Unit at the Ministry of Trade (1993-1996).<\/p>\n<p style=\"text-align: justify;\">Since 2019, panelist on the dispute lodged under the WTO dispute settlement mechanism for Australia versus Canada, regarding \u201cCanada &#8211; Measures Governing the Sale of Wine\u201d.<\/p>\n<p style=\"text-align: justify;\">In 2011, panelist on disputes lodged under the WTO dispute settlement mechanism for Costa Rica, El Salvador, Guatemala, and Honduras versus the Dominican Republic, regarding \u201cSafeguard Measures on Imports of Polypropylene Bags and Tubular Fabric\u201d.<\/p>\n<p>[\/vc_column_text][vc_separator color=&#8221;custom&#8221; border_width=&#8221;2&#8243; accent_color=&#8221;#707070&#8243;][vc_column_text]<\/p>\n<h3><strong>ACADEMIC EXPERIENCE<\/strong><\/h3>\n<p>[\/vc_column_text][vc_column_text]<\/p>\n<div style=\"text-align: justify;\"><span lang=\"ES-TRAD\">Since 1999, she has taught several seminars in the USA and Mexico and has been a professor on Bachelor and Master of Laws courses and the Bachelor\u2019s Degree in International Business at Universidad Iberoamericana A.C. (The Ibero-American University) and other universities, teaching subjects including the following: Free Trade Agreements; Dispute Settlement Mechanisms; European Union Law; International Business Administration; Customs Law; and International Trade Law. She participates as a regional expert on the Regional Trade Policy Course given by the WTO.<\/span><\/div>\n<p>[\/vc_column_text][vc_separator color=&#8221;custom&#8221; border_width=&#8221;2&#8243; accent_color=&#8221;#707070&#8243;][vc_column_text]<\/p>\n<h3><strong>PUBLICATIONS<\/strong><\/h3>\n<p>[\/vc_column_text][vc_column_text]La Inversi\u00f3n Extranjera Directa y el Estado de Derecho a la luz del T-MEC [Foreign Direct Investment and the Rule of Law with regard to USMCA]. In A. Chelminsky, et al., La Implementaci\u00f3n del T-MEC: una prueba para Am\u00e9rica del Norte [USMCA Implementation: a test for North America] (1st ed.). Mexico City: Senate of the Republic.<\/p>\n<p>Los procedimientos de soluci\u00f3n de diferencias en antidumping e inversi\u00f3n en el TLCAN y en el TMEC [Dispute settlement procedures for anti-dumping and investment in NAFTA and USMCA]. In O. Contreras, et al. (2020). LA REESTRUCTURACI\u00d3N DE NORTEAM\u00c9RICA A TRAV\u00c9S DEL LIBRE COMERCIO: DEL TLC AL TMEC [THE RESTRUCTURING OF NORTH AMERICA THROUGH FREE TRADE: FROM NAFTA TO USMCA] (1st ed.). El Colegio de M\u00e9xico.<\/p>\n<p>The Effect of Survival and Withdrawal Clauses in Investment Treaties: Protection of Investments in Latin America. In L. Trakman &amp; N. Ranieri, REGIONALISM IN INTERNATIONAL INVESTMENT LAW. (1st ed.). Oxford University Press.<\/p>\n<p>The Influence of Emerging Economies on the Architecture of International Economic Law: A Perspective from Mexico and the WTO. Proceedings of the ASIL Annual Meeting, 107, 159-164. Cambridge University Press.<\/p>\n<p>COFECE. (2017). Pol\u00edtica Comercial con visi\u00f3n de Competencia [Trade Policy with a Competitive Vision]. Cofece.mx. (2017. Collaboration. COMEXI. (2017).<\/p>\n<p>Redefiniendo la relaci\u00f3n para la prosperidad de Norteam\u00e9rica [Redefining North America\u2019s relationship for prosperity] [Ebook] (1st ed.). COMEXI. Collaboration.[\/vc_column_text][vc_separator color=&#8221;custom&#8221; border_width=&#8221;2&#8243; accent_color=&#8221;#707070&#8243;][vc_column_text]<\/p>\n<h3>MAIN AREAS OF PROFESSIONAL EXPERIENCE<\/h3>\n<p>[\/vc_column_text][vc_column_text]<\/p>\n<p style=\"text-align: justify;\">International Commerce; Customs Law; Dumping Investigations and Subsidies; Safeguards; Economic Competition; Dispute Settlement Mechanisms; European Union Law; International Business Negotiations; Lobbying.<\/p>\n<p>[\/vc_column_text][vc_separator color=&#8221;custom&#8221; border_width=&#8221;2&#8243; accent_color=&#8221;#707070&#8243;][vc_column_text]<\/p>\n<h3><strong>LANGUAGES<\/strong><\/h3>\n<p>[\/vc_column_text][vc_column_text]Spanish, English, French.[\/vc_column_text][vc_separator color=&#8221;custom&#8221; border_width=&#8221;2&#8243; accent_color=&#8221;#707070&#8243;][vc_empty_space][\/vc_column][\/vc_row][vc_row full_width=&#8221;stretch_row_content_no_spaces&#8221; equal_height=&#8221;yes&#8221; css=&#8221;.vc_custom_1601495218992{margin-bottom: 0px !important;padding-bottom: 0px !important;}&#8221;][vc_column css=&#8221;.vc_custom_1622080571381{padding-top: 50px !important;padding-right: 50px !important;padding-bottom: 50px !important;padding-left: 50px !important;background-image: url(https:\/\/aguilarloera.com\/en\/wp-content\/uploads\/2021\/05\/Aguilar-loera-abogados-nuestro-equipo-1-1.jpg?id=3299) !important;background-position: center !important;background-repeat: no-repeat !important;background-size: cover !important;}&#8221;][vc_empty_space height=&#8221;400px&#8221;][\/vc_column][\/vc_row]<\/p>\n","protected":false},"excerpt":{"rendered":"<p>[vc_row][vc_column][vc_row_inner][vc_column_inner width=&#8221;1\/2&#8243;][vc_single_image image=&#8221;3717&#8243; img_size=&#8221;327&#215;450&#8243; alignment=&#8221;center&#8221;][\/vc_column_inner][vc_column_inner width=&#8221;1\/2&#8243;][vc_empty_space height=&#8221;42px&#8221;][vc_empty_space height=&#8221;42px&#8221;][vc_empty_space height=&#8221;42px&#8221;][vc_column_text] Gisela Bol\u00edvar Villag\u00f3mez Partner [\/vc_column_text][vc_separator color=&#8221;black&#8221;][vc_column_text] gbolivar@aguilarloera.com [\/vc_column_text][\/vc_column_inner][\/vc_row_inner][vc_column_text] EDUCATION [\/vc_column_text][vc_column_text]Ibero-American University,&#8230;<\/p>\n","protected":false},"author":1,"featured_media":0,"parent":0,"menu_order":0,"comment_status":"closed","ping_status":"closed","template":"","meta":{"_links_to":"","_links_to_target":""},"_links":{"self":[{"href":"https:\/\/aguilarloera.com\/en\/wp-json\/wp\/v2\/pages\/2146"}],"collection":[{"href":"https:\/\/aguilarloera.com\/en\/wp-json\/wp\/v2\/pages"}],"about":[{"href":"https:\/\/aguilarloera.com\/en\/wp-json\/wp\/v2\/types\/page"}],"author":[{"embeddable":true,"href":"https:\/\/aguilarloera.com\/en\/wp-json\/wp\/v2\/users\/1"}],"replies":[{"embeddable":true,"href":"https:\/\/aguilarloera.com\/en\/wp-json\/wp\/v2\/comments?post=2146"}],"version-history":[{"count":19,"href":"https:\/\/aguilarloera.com\/en\/wp-json\/wp\/v2\/pages\/2146\/revisions"}],"predecessor-version":[{"id":3882,"href":"https:\/\/aguilarloera.com\/en\/wp-json\/wp\/v2\/pages\/2146\/revisions\/3882"}],"wp:attachment":[{"href":"https:\/\/aguilarloera.com\/en\/wp-json\/wp\/v2\/media?parent=2146"}],"curies":[{"name":"wp","href":"https:\/\/api.w.org\/{rel}","templated":true}]}}